{"id":162,"date":"2023-09-27T09:42:49","date_gmt":"2023-09-27T07:42:49","guid":{"rendered":"https:\/\/sirdalfjellpark.no\/webcamera\/"},"modified":"2026-04-07T14:46:52","modified_gmt":"2026-04-07T12:46:52","slug":"webcamsandsnowreport","status":"publish","type":"page","link":"https:\/\/sirdalfjellpark.no\/en\/webcamsandsnowreport\/","title":{"rendered":"Webcams and snow report"},"content":{"rendered":"\n<p class=\"has-text-align-center small-container has-large-font-size\"><\/p>\n\n\n\n<div class=\"wp-block-group large-container\"><div class=\"wp-block-group__inner-container is-layout-constrained wp-block-group-is-layout-constrained\"><\/div><\/div>\n\n\n\n<div class=\"wp-block-buttons has-background is-content-justification-center is-layout-flex wp-container-core-buttons-is-layout-a89b3969 wp-block-buttons-is-layout-flex\" style=\"background-color:#adc8d5\">\n<div class=\"wp-block-button\"><a class=\"wp-block-button__link has-primary-background-color has-text-color has-background has-link-color has-medium-font-size has-custom-font-size wp-element-button\" href=\"https:\/\/fnugg.no\/sirdal\/\" style=\"border-width:5px;border-top-left-radius:13px;border-top-right-radius:13px;border-bottom-left-radius:13px;border-bottom-right-radius:13px;color:#ffffff;padding-top:var(--wp--preset--spacing--60);padding-right:var(--wp--preset--spacing--60);padding-bottom:var(--wp--preset--spacing--60);padding-left:var(--wp--preset--spacing--60)\" target=\"_blank\" rel=\"noreferrer noopener\">Read more<\/a><\/div>\n\n\n\n<div class=\"wp-block-button\"><a class=\"wp-block-button__link has-primary-background-color has-text-color has-background has-link-color has-medium-font-size has-custom-font-size wp-element-button\" href=\"https:\/\/sirdalfjellpark.no\/wp-content\/uploads\/2025\/11\/Loypekart-2025-1.png\" style=\"border-width:5px;border-top-left-radius:13px;border-top-right-radius:13px;border-bottom-left-radius:13px;border-bottom-right-radius:13px;color:#ffffff;padding-top:var(--wp--preset--spacing--60);padding-right:var(--wp--preset--spacing--60);padding-bottom:var(--wp--preset--spacing--60);padding-left:var(--wp--preset--spacing--60)\" target=\"_blank\" rel=\"noreferrer noopener\">Piste map<\/a><\/div>\n\n\n\n<div class=\"wp-block-button\"><a class=\"wp-block-button__link has-primary-background-color has-text-color has-background has-link-color wp-element-button\" href=\"https:\/\/sirdalfjellpark.skiperformance.com\/en\/winter_season\/store#\/en\/winter_season\/buy?skugroup_id=243\" style=\"border-width:5px;border-top-left-radius:13px;border-top-right-radius:13px;border-bottom-left-radius:13px;border-bottom-right-radius:13px;color:#ffffff;padding-top:var(--wp--preset--spacing--50);padding-right:var(--wp--preset--spacing--60);padding-bottom:var(--wp--preset--spacing--50);padding-left:var(--wp--preset--spacing--60)\" target=\"_blank\" rel=\"noreferrer noopener\">Buy <br>lift pass<\/a><\/div>\n\n\n\n<div class=\"wp-block-button\"><a class=\"wp-block-button__link has-primary-background-color has-text-color has-background has-link-color has-medium-font-size has-custom-font-size wp-element-button\" href=\"https:\/\/www.yr.no\/nb\/v%C3%A6rvarsel\/daglig-tabell\/5-42930\/Norge\/Agder\/Sirdal\/Sirdal%20-%20Sm%C3%B8leheiknuden\" style=\"border-width:5px;border-top-left-radius:13px;border-top-right-radius:13px;border-bottom-left-radius:13px;border-bottom-right-radius:13px;color:#ffffff;padding-top:var(--wp--preset--spacing--60);padding-right:var(--wp--preset--spacing--60);padding-bottom:var(--wp--preset--spacing--60);padding-left:var(--wp--preset--spacing--60)\" target=\"_blank\" rel=\"noreferrer noopener\">Forecast<\/a><\/div>\n\n\n\n<div class=\"wp-block-button is-style-fill\"><a class=\"wp-block-button__link has-primary-background-color has-text-color has-background has-link-color wp-element-button\" href=\"https:\/\/www.vegvesen.no\/trafikk\/fjelloverganger\/86289972?lng=6.64907&amp;lat=58.87216&amp;zoom=9\" style=\"border-width:5px;border-top-left-radius:13px;border-top-right-radius:13px;border-bottom-left-radius:13px;border-bottom-right-radius:13px;color:#ffffff;padding-top:var(--wp--preset--spacing--50);padding-right:var(--wp--preset--spacing--40);padding-bottom:var(--wp--preset--spacing--50);padding-left:var(--wp--preset--spacing--40)\" target=\"_blank\" rel=\"noreferrer noopener\">Road <br>Conditions<\/a><\/div>\n\n\n\n<div class=\"wp-block-button is-style-fill\"><a class=\"wp-block-button__link has-primary-background-color has-text-color has-background has-link-color has-medium-font-size has-custom-font-size wp-element-button\" href=\"https:\/\/www.varsom.no\/snoskred\/varsling\/varsel\/Heiane\/2025-12-24\" style=\"border-width:5px;border-top-left-radius:13px;border-top-right-radius:13px;border-bottom-left-radius:13px;border-bottom-right-radius:13px;color:#ffffff;padding-top:var(--wp--preset--spacing--60);padding-right:var(--wp--preset--spacing--40);padding-bottom:var(--wp--preset--spacing--60);padding-left:var(--wp--preset--spacing--40)\">Avalanche <br>forecast<\/a><\/div>\n<\/div>\n\n\n\n<div class=\"wp-block-group alignfull has-background\" style=\"background-color:#f4f4f4\"><div class=\"wp-block-group__inner-container is-layout-constrained wp-block-group-is-layout-constrained\">\n<div style=\"height:50px\" aria-hidden=\"true\" class=\"wp-block-spacer\"><\/div>\n\n\n\n<div class=\"wp-block-columns large-container is-layout-flex wp-container-core-columns-is-layout-28f84493 wp-block-columns-is-layout-flex\">\n<div class=\"wp-block-column is-layout-flow wp-block-column-is-layout-flow\">\n<h2 class=\"wp-block-heading h4\">\u00c5lsheia<\/h2>\n\n\n\n<div class=\"iframe-container\">\n<iframe src=\"https:\/\/g0.ipcamlive.com\/player\/player.php?alias=5c51474a082aa&amp;autoplay=1\" class=\"embed-responsive-item\" allowfullscreen=\"allowfullscreen\" frameborder=\"0\"><\/iframe>\n<\/div>\n<\/div>\n\n\n\n<div class=\"wp-block-column is-layout-flow wp-block-column-is-layout-flow\">\n<h2 class=\"wp-block-heading h4\">Tj\u00f8rhomfjellet &#8211; Hulderheimen<\/h2>\n\n\n\n<div class=\"iframe-container\">\n<iframe src=\"https:\/\/g0.ipcamlive.com\/player\/player.php?alias=5c52ab7374b62&amp;autoplay=1\" class=\"embed-responsive-item\" allowfullscreen=\"allowfullscreen\" frameborder=\"0\"><\/iframe>\n<\/div>\n<\/div>\n<\/div>\n\n\n\n<div class=\"wp-block-columns large-container is-layout-flex wp-container-core-columns-is-layout-28f84493 wp-block-columns-is-layout-flex\">\n<div class=\"wp-block-column is-layout-flow wp-block-column-is-layout-flow\">\n<h2 class=\"wp-block-heading h4\">Tj\u00f8rhomfjellet stolheis<\/h2>\n\n\n\n<div class=\"iframe-container\">\n<iframe src=\"https:\/\/g0.ipcamlive.com\/player\/player.php?alias=5a57167153288&amp;autoplay=1\" class=\"embed-responsive-item\" allowfullscreen=\"allowfullscreen\" frameborder=\"0\"><\/iframe>\n<\/div>\n<\/div>\n\n\n\n<div class=\"wp-block-column is-layout-flow wp-block-column-is-layout-flow\">\n<h2 class=\"wp-block-heading h4\">Tj\u00f8rhomfjellet H\u00f8yt &amp;Lavt klatrepark<\/h2>\n\n\n\n<div class=\"iframe-container\">\n<iframe src=\"https:\/\/g0.ipcamlive.com\/player\/player.php?alias=5c52ac56790be&amp;autoplay=1\" class=\"embed-responsive-item\" allowfullscreen=\"allowfullscreen\" frameborder=\"0\"><\/iframe>\n<\/div>\n<\/div>\n<\/div>\n\n\n\n<div style=\"height:50px\" aria-hidden=\"true\" class=\"wp-block-spacer\"><\/div>\n<\/div><\/div>\n","protected":false},"excerpt":{"rendered":"<p>\u00c5lsheia Tj\u00f8rhomfjellet &#8211; Hulderheimen Tj\u00f8rhomfjellet stolheis Tj\u00f8rhomfjellet H\u00f8yt &amp;Lavt klatrepark<\/p>\n","protected":false},"author":2,"featured_media":6598,"parent":0,"menu_order":0,"comment_status":"closed","ping_status":"closed","template":"","meta":{"_acf_changed":false,"footnotes":""},"categories":[16],"tags":[],"class_list":["post-162","page","type-page","status-publish","has-post-thumbnail","hentry","category-global-en"],"acf":[],"yoast_head":"<!-- This site is optimized with the Yoast SEO plugin v27.1.1 - https:\/\/yoast.com\/product\/yoast-seo-wordpress\/ -->\n<title>Webcams and snow report - Sirdal Fjellpark<\/title>\n<meta name=\"description\" content=\"See our days snow report with conditions, lift and run status. With our 4 live webcams, you get a complete picture of the current conditions\" \/>\n<meta name=\"robots\" content=\"index, follow, max-snippet:-1, max-image-preview:large, max-video-preview:-1\" \/>\n<link rel=\"canonical\" href=\"https:\/\/sirdalfjellpark.no\/en\/webcamsandsnowreport\/\" \/>\n<meta property=\"og:locale\" content=\"en_US\" \/>\n<meta property=\"og:type\" content=\"article\" \/>\n<meta property=\"og:title\" content=\"Webcams and snow report - Sirdal Fjellpark\" \/>\n<meta property=\"og:description\" content=\"See our days snow report with conditions, lift and run status. With our 4 live webcams, you get a complete picture of the current conditions\" \/>\n<meta property=\"og:url\" content=\"https:\/\/sirdalfjellpark.no\/en\/webcamsandsnowreport\/\" \/>\n<meta property=\"og:site_name\" content=\"Sirdal Fjellpark\" \/>\n<meta property=\"article:modified_time\" content=\"2026-04-07T12:46:52+00:00\" \/>\n<meta property=\"og:image\" content=\"https:\/\/sirdalfjellpark.no\/wp-content\/uploads\/2026\/02\/vinterferien241.jpg\" \/>\n\t<meta property=\"og:image:width\" content=\"1954\" \/>\n\t<meta property=\"og:image:height\" content=\"2250\" \/>\n\t<meta property=\"og:image:type\" content=\"image\/jpeg\" \/>\n<meta name=\"twitter:card\" content=\"summary_large_image\" \/>\n<meta name=\"twitter:label1\" content=\"Est. reading time\" \/>\n\t<meta name=\"twitter:data1\" content=\"1 minute\" \/>\n<script type=\"application\/ld+json\" class=\"yoast-schema-graph\">{\"@context\":\"https:\/\/schema.org\",\"@graph\":[{\"@type\":\"WebPage\",\"@id\":\"https:\/\/sirdalfjellpark.no\/en\/webcamsandsnowreport\/\",\"url\":\"https:\/\/sirdalfjellpark.no\/en\/webcamsandsnowreport\/\",\"name\":\"Webcams and snow report - Sirdal Fjellpark\",\"isPartOf\":{\"@id\":\"https:\/\/sirdalfjellpark.no\/en\/#website\"},\"primaryImageOfPage\":{\"@id\":\"https:\/\/sirdalfjellpark.no\/en\/webcamsandsnowreport\/#primaryimage\"},\"image\":{\"@id\":\"https:\/\/sirdalfjellpark.no\/en\/webcamsandsnowreport\/#primaryimage\"},\"thumbnailUrl\":\"https:\/\/sirdalfjellpark.no\/wp-content\/uploads\/2026\/02\/vinterferien241.jpg\",\"datePublished\":\"2023-09-27T07:42:49+00:00\",\"dateModified\":\"2026-04-07T12:46:52+00:00\",\"description\":\"See our days snow report with conditions, lift and run status. With our 4 live webcams, you get a complete picture of the current conditions\",\"breadcrumb\":{\"@id\":\"https:\/\/sirdalfjellpark.no\/en\/webcamsandsnowreport\/#breadcrumb\"},\"inLanguage\":\"en-US\",\"potentialAction\":[{\"@type\":\"ReadAction\",\"target\":[\"https:\/\/sirdalfjellpark.no\/en\/webcamsandsnowreport\/\"]}]},{\"@type\":\"ImageObject\",\"inLanguage\":\"en-US\",\"@id\":\"https:\/\/sirdalfjellpark.no\/en\/webcamsandsnowreport\/#primaryimage\",\"url\":\"https:\/\/sirdalfjellpark.no\/wp-content\/uploads\/2026\/02\/vinterferien241.jpg\",\"contentUrl\":\"https:\/\/sirdalfjellpark.no\/wp-content\/uploads\/2026\/02\/vinterferien241.jpg\",\"width\":1954,\"height\":2250},{\"@type\":\"BreadcrumbList\",\"@id\":\"https:\/\/sirdalfjellpark.no\/en\/webcamsandsnowreport\/#breadcrumb\",\"itemListElement\":[{\"@type\":\"ListItem\",\"position\":1,\"name\":\"Hjem\",\"item\":\"https:\/\/sirdalfjellpark.no\/en\/\"},{\"@type\":\"ListItem\",\"position\":2,\"name\":\"Webcams and snow report\"}]},{\"@type\":\"WebSite\",\"@id\":\"https:\/\/sirdalfjellpark.no\/en\/#website\",\"url\":\"https:\/\/sirdalfjellpark.no\/en\/\",\"name\":\"Sirdal Fjellpark\",\"description\":\"en hel\u00e5rsdestinasjon\",\"publisher\":{\"@id\":\"https:\/\/sirdalfjellpark.no\/en\/#organization\"},\"potentialAction\":[{\"@type\":\"SearchAction\",\"target\":{\"@type\":\"EntryPoint\",\"urlTemplate\":\"https:\/\/sirdalfjellpark.no\/en\/?s={search_term_string}\"},\"query-input\":{\"@type\":\"PropertyValueSpecification\",\"valueRequired\":true,\"valueName\":\"search_term_string\"}}],\"inLanguage\":\"en-US\"},{\"@type\":\"Organization\",\"@id\":\"https:\/\/sirdalfjellpark.no\/en\/#organization\",\"name\":\"Sirdal Fjellpark\",\"url\":\"https:\/\/sirdalfjellpark.no\/en\/\",\"logo\":{\"@type\":\"ImageObject\",\"inLanguage\":\"en-US\",\"@id\":\"https:\/\/sirdalfjellpark.no\/en\/#\/schema\/logo\/image\/\",\"url\":\"https:\/\/sirdalfjellpark.no\/wp-content\/uploads\/2024\/01\/logo-1.svg\",\"contentUrl\":\"https:\/\/sirdalfjellpark.no\/wp-content\/uploads\/2024\/01\/logo-1.svg\",\"caption\":\"Sirdal Fjellpark\"},\"image\":{\"@id\":\"https:\/\/sirdalfjellpark.no\/en\/#\/schema\/logo\/image\/\"}}]}<\/script>\n<!-- \/ Yoast SEO plugin. -->","yoast_head_json":{"title":"Webcams and snow report - Sirdal Fjellpark","description":"See our days snow report with conditions, lift and run status. With our 4 live webcams, you get a complete picture of the current conditions","robots":{"index":"index","follow":"follow","max-snippet":"max-snippet:-1","max-image-preview":"max-image-preview:large","max-video-preview":"max-video-preview:-1"},"canonical":"https:\/\/sirdalfjellpark.no\/en\/webcamsandsnowreport\/","og_locale":"en_US","og_type":"article","og_title":"Webcams and snow report - Sirdal Fjellpark","og_description":"See our days snow report with conditions, lift and run status. With our 4 live webcams, you get a complete picture of the current conditions","og_url":"https:\/\/sirdalfjellpark.no\/en\/webcamsandsnowreport\/","og_site_name":"Sirdal Fjellpark","article_modified_time":"2026-04-07T12:46:52+00:00","og_image":[{"width":1954,"height":2250,"url":"https:\/\/sirdalfjellpark.no\/wp-content\/uploads\/2026\/02\/vinterferien241.jpg","type":"image\/jpeg"}],"twitter_card":"summary_large_image","twitter_misc":{"Est. reading time":"1 minute"},"schema":{"@context":"https:\/\/schema.org","@graph":[{"@type":"WebPage","@id":"https:\/\/sirdalfjellpark.no\/en\/webcamsandsnowreport\/","url":"https:\/\/sirdalfjellpark.no\/en\/webcamsandsnowreport\/","name":"Webcams and snow report - Sirdal Fjellpark","isPartOf":{"@id":"https:\/\/sirdalfjellpark.no\/en\/#website"},"primaryImageOfPage":{"@id":"https:\/\/sirdalfjellpark.no\/en\/webcamsandsnowreport\/#primaryimage"},"image":{"@id":"https:\/\/sirdalfjellpark.no\/en\/webcamsandsnowreport\/#primaryimage"},"thumbnailUrl":"https:\/\/sirdalfjellpark.no\/wp-content\/uploads\/2026\/02\/vinterferien241.jpg","datePublished":"2023-09-27T07:42:49+00:00","dateModified":"2026-04-07T12:46:52+00:00","description":"See our days snow report with conditions, lift and run status. With our 4 live webcams, you get a complete picture of the current conditions","breadcrumb":{"@id":"https:\/\/sirdalfjellpark.no\/en\/webcamsandsnowreport\/#breadcrumb"},"inLanguage":"en-US","potentialAction":[{"@type":"ReadAction","target":["https:\/\/sirdalfjellpark.no\/en\/webcamsandsnowreport\/"]}]},{"@type":"ImageObject","inLanguage":"en-US","@id":"https:\/\/sirdalfjellpark.no\/en\/webcamsandsnowreport\/#primaryimage","url":"https:\/\/sirdalfjellpark.no\/wp-content\/uploads\/2026\/02\/vinterferien241.jpg","contentUrl":"https:\/\/sirdalfjellpark.no\/wp-content\/uploads\/2026\/02\/vinterferien241.jpg","width":1954,"height":2250},{"@type":"BreadcrumbList","@id":"https:\/\/sirdalfjellpark.no\/en\/webcamsandsnowreport\/#breadcrumb","itemListElement":[{"@type":"ListItem","position":1,"name":"Hjem","item":"https:\/\/sirdalfjellpark.no\/en\/"},{"@type":"ListItem","position":2,"name":"Webcams and snow report"}]},{"@type":"WebSite","@id":"https:\/\/sirdalfjellpark.no\/en\/#website","url":"https:\/\/sirdalfjellpark.no\/en\/","name":"Sirdal Fjellpark","description":"en hel\u00e5rsdestinasjon","publisher":{"@id":"https:\/\/sirdalfjellpark.no\/en\/#organization"},"potentialAction":[{"@type":"SearchAction","target":{"@type":"EntryPoint","urlTemplate":"https:\/\/sirdalfjellpark.no\/en\/?s={search_term_string}"},"query-input":{"@type":"PropertyValueSpecification","valueRequired":true,"valueName":"search_term_string"}}],"inLanguage":"en-US"},{"@type":"Organization","@id":"https:\/\/sirdalfjellpark.no\/en\/#organization","name":"Sirdal Fjellpark","url":"https:\/\/sirdalfjellpark.no\/en\/","logo":{"@type":"ImageObject","inLanguage":"en-US","@id":"https:\/\/sirdalfjellpark.no\/en\/#\/schema\/logo\/image\/","url":"https:\/\/sirdalfjellpark.no\/wp-content\/uploads\/2024\/01\/logo-1.svg","contentUrl":"https:\/\/sirdalfjellpark.no\/wp-content\/uploads\/2024\/01\/logo-1.svg","caption":"Sirdal Fjellpark"},"image":{"@id":"https:\/\/sirdalfjellpark.no\/en\/#\/schema\/logo\/image\/"}}]}},"_links":{"self":[{"href":"https:\/\/sirdalfjellpark.no\/en\/wp-json\/wp\/v2\/pages\/162","targetHints":{"allow":["GET"]}}],"collection":[{"href":"https:\/\/sirdalfjellpark.no\/en\/wp-json\/wp\/v2\/pages"}],"about":[{"href":"https:\/\/sirdalfjellpark.no\/en\/wp-json\/wp\/v2\/types\/page"}],"author":[{"embeddable":true,"href":"https:\/\/sirdalfjellpark.no\/en\/wp-json\/wp\/v2\/users\/2"}],"replies":[{"embeddable":true,"href":"https:\/\/sirdalfjellpark.no\/en\/wp-json\/wp\/v2\/comments?post=162"}],"version-history":[{"count":17,"href":"https:\/\/sirdalfjellpark.no\/en\/wp-json\/wp\/v2\/pages\/162\/revisions"}],"predecessor-version":[{"id":6540,"href":"https:\/\/sirdalfjellpark.no\/en\/wp-json\/wp\/v2\/pages\/162\/revisions\/6540"}],"wp:featuredmedia":[{"embeddable":true,"href":"https:\/\/sirdalfjellpark.no\/en\/wp-json\/wp\/v2\/media\/6598"}],"wp:attachment":[{"href":"https:\/\/sirdalfjellpark.no\/en\/wp-json\/wp\/v2\/media?parent=162"}],"wp:term":[{"taxonomy":"category","embeddable":true,"href":"https:\/\/sirdalfjellpark.no\/en\/wp-json\/wp\/v2\/categories?post=162"},{"taxonomy":"post_tag","embeddable":true,"href":"https:\/\/sirdalfjellpark.no\/en\/wp-json\/wp\/v2\/tags?post=162"}],"curies":[{"name":"wp","href":"https:\/\/api.w.org\/{rel}","templated":true}]}}