{"id":158,"date":"2023-09-27T09:28:01","date_gmt":"2023-09-27T07:28:01","guid":{"rendered":"https:\/\/sirdalfjellpark.no\/transport-bus-parking\/"},"modified":"2025-11-28T15:19:36","modified_gmt":"2025-11-28T14:19:36","slug":"transport-bus-parking","status":"publish","type":"page","link":"https:\/\/sirdalfjellpark.no\/en\/transport-bus-parking\/","title":{"rendered":"Transport \u2013 bus, parking"},"content":{"rendered":"\n<figure class=\"wp-block-image size-full jumbo-pic\"><img loading=\"lazy\" decoding=\"async\" width=\"2560\" height=\"977\" src=\"https:\/\/sirdalfjellpark.no\/wp-content\/uploads\/2023\/11\/Solskinnsdag-4-scaled-e1699949084667.jpg\" alt=\"\" class=\"wp-image-1322\" style=\"object-fit:cover\" srcset=\"https:\/\/sirdalfjellpark.no\/wp-content\/uploads\/2023\/11\/Solskinnsdag-4-scaled-e1699949084667.jpg 2560w, https:\/\/sirdalfjellpark.no\/wp-content\/uploads\/2023\/11\/Solskinnsdag-4-scaled-e1699949084667-300x114.jpg 300w, https:\/\/sirdalfjellpark.no\/wp-content\/uploads\/2023\/11\/Solskinnsdag-4-scaled-e1699949084667-1024x391.jpg 1024w, https:\/\/sirdalfjellpark.no\/wp-content\/uploads\/2023\/11\/Solskinnsdag-4-scaled-e1699949084667-768x293.jpg 768w, https:\/\/sirdalfjellpark.no\/wp-content\/uploads\/2023\/11\/Solskinnsdag-4-scaled-e1699949084667-1536x586.jpg 1536w, https:\/\/sirdalfjellpark.no\/wp-content\/uploads\/2023\/11\/Solskinnsdag-4-scaled-e1699949084667-2048x782.jpg 2048w\" sizes=\"auto, (max-width: 2560px) 100vw, 2560px\" \/><figcaption class=\"wp-element-caption\">Transport and Parking<\/figcaption><\/figure>\n\n<div style=\"height:50px\" aria-hidden=\"true\" class=\"wp-block-spacer\"><\/div>\n\n<div class=\"wp-block-cover is-light\"><span aria-hidden=\"true\" class=\"wp-block-cover__background has-white-background-color has-background-dim-30 has-background-dim\"><\/span><img loading=\"lazy\" decoding=\"async\" width=\"1600\" height=\"610\" class=\"wp-block-cover__image-background wp-image-1211\" alt=\"\" src=\"https:\/\/sirdalfjellpark.no\/wp-content\/uploads\/2023\/11\/Stolheis-e1699432943843.jpeg\" style=\"object-position:51% 60%\" data-object-fit=\"cover\" data-object-position=\"51% 60%\" srcset=\"https:\/\/sirdalfjellpark.no\/wp-content\/uploads\/2023\/11\/Stolheis-e1699432943843.jpeg 1600w, https:\/\/sirdalfjellpark.no\/wp-content\/uploads\/2023\/11\/Stolheis-e1699432943843-300x114.jpeg 300w, https:\/\/sirdalfjellpark.no\/wp-content\/uploads\/2023\/11\/Stolheis-e1699432943843-1024x390.jpeg 1024w, https:\/\/sirdalfjellpark.no\/wp-content\/uploads\/2023\/11\/Stolheis-e1699432943843-768x293.jpeg 768w, https:\/\/sirdalfjellpark.no\/wp-content\/uploads\/2023\/11\/Stolheis-e1699432943843-1536x586.jpeg 1536w\" sizes=\"auto, (max-width: 1600px) 100vw, 1600px\" \/><div class=\"wp-block-cover__inner-container is-layout-constrained wp-block-cover-is-layout-constrained\">\n<h2 class=\"wp-block-heading has-text-align-center\">Parking in Tj\u00f8rhomfjellet<\/h2>\n<\/div><\/div>\n\n<div style=\"height:20px\" aria-hidden=\"true\" class=\"wp-block-spacer\"><\/div>\n\n<div class=\"wp-block-group\"><div class=\"wp-block-group__inner-container is-layout-constrained wp-block-group-is-layout-constrained\">\n<div class=\"wp-block-columns small-container is-layout-flex wp-container-core-columns-is-layout-28f84493 wp-block-columns-is-layout-flex\">\n<div class=\"wp-block-column is-layout-flow wp-block-column-is-layout-flow\" style=\"flex-basis:33.33%\">\n<div style=\"height:70px\" aria-hidden=\"true\" class=\"wp-block-spacer\"><\/div>\n\n\n\n<h4 class=\"wp-block-heading\">Chairlift<\/h4>\n\n\n\n<p>Parking on the two lower levels and a drop-off zone outside the ski rental (max 15 minutes).<br\/>Address : Beinesvatnet 39, 4443 Tj\u00f8rhom<\/p>\n\n\n\n<h4 class=\"wp-block-heading\">Hulderheimen<\/h4>\n\n\n\n<p>Parking available outside the restaurant and accommodation building<br\/>Address: Tj\u00f8rhomfjellet 53, 4443 Tj\u00f8rhom<\/p>\n<\/div>\n\n\n\n<div class=\"wp-block-column is-layout-flow wp-block-column-is-layout-flow\" style=\"flex-basis:66.66%\">\n<iframe src=\"https:\/\/www.google.com\/maps\/embed?pb=!1m14!1m12!1m3!1d2913.5665564666456!2d6.838986410992888!3d58.91126057403518!2m3!1f0!2f0!3f0!3m2!1i1024!2i768!4f13.1!5e0!3m2!1sno!2sno!4v1699950612993!5m2!1sno!2sno\" width=\"600\" height=\"450\" style=\"border:0;\" allowfullscreen=\"\" loading=\"lazy\" referrerpolicy=\"no-referrer-when-downgrade\"><\/iframe>\n<\/div>\n<\/div>\n<\/div><\/div>\n\n<div style=\"height:20px\" aria-hidden=\"true\" class=\"wp-block-spacer\"><\/div>\n\n<div class=\"wp-block-cover\"><span aria-hidden=\"true\" class=\"wp-block-cover__background has-black-background-color has-background-dim\"><\/span><img loading=\"lazy\" decoding=\"async\" width=\"2560\" height=\"1707\" class=\"wp-block-cover__image-background wp-image-1387\" alt=\"\" src=\"https:\/\/sirdalfjellpark.no\/wp-content\/uploads\/2023\/11\/Stolheis-16-scaled.jpg\" style=\"object-position:50% 30%\" data-object-fit=\"cover\" data-object-position=\"50% 30%\" srcset=\"https:\/\/sirdalfjellpark.no\/wp-content\/uploads\/2023\/11\/Stolheis-16-scaled.jpg 2560w, https:\/\/sirdalfjellpark.no\/wp-content\/uploads\/2023\/11\/Stolheis-16-300x200.jpg 300w, https:\/\/sirdalfjellpark.no\/wp-content\/uploads\/2023\/11\/Stolheis-16-1024x683.jpg 1024w, https:\/\/sirdalfjellpark.no\/wp-content\/uploads\/2023\/11\/Stolheis-16-768x512.jpg 768w, https:\/\/sirdalfjellpark.no\/wp-content\/uploads\/2023\/11\/Stolheis-16-1536x1024.jpg 1536w, https:\/\/sirdalfjellpark.no\/wp-content\/uploads\/2023\/11\/Stolheis-16-2048x1365.jpg 2048w\" sizes=\"auto, (max-width: 2560px) 100vw, 2560px\" \/><div class=\"wp-block-cover__inner-container is-layout-constrained wp-block-cover-is-layout-constrained\">\n<h2 class=\"wp-block-heading has-text-align-center\">Parking in \u00c5lsheia<\/h2>\n<\/div><\/div>\n\n<div style=\"height:20px\" aria-hidden=\"true\" class=\"wp-block-spacer\"><\/div>\n\n<div class=\"wp-block-group small-container\"><div class=\"wp-block-group__inner-container is-layout-constrained wp-block-group-is-layout-constrained\">\n<div class=\"wp-block-columns is-layout-flex wp-container-core-columns-is-layout-28f84493 wp-block-columns-is-layout-flex\">\n<div class=\"wp-block-column is-layout-flow wp-block-column-is-layout-flow\" style=\"flex-basis:33.33%\">\n<div style=\"height:100px\" aria-hidden=\"true\" class=\"wp-block-spacer\"><\/div>\n\n\n\n<h4 class=\"wp-block-heading\">Upper level<\/h4>\n\n\n\n<p>Parking within the designated areas up by the warm room.<br\/>Address: Tj\u00f8rdnest\u00f8lveien 39, 4443 Tj\u00f8rhom<\/p>\n\n\n\n<h4 class=\"wp-block-heading\">Lower level<\/h4>\n\n\n\n<p>Parking lot at the bottom of \u00c5lsheia.<\/p>\n<\/div>\n\n\n\n<div class=\"wp-block-column is-layout-flow wp-block-column-is-layout-flow\" style=\"flex-basis:66.66%\">\n<iframe src=\"https:\/\/www.google.com\/maps\/embed?pb=!1m14!1m12!1m3!1d2913.001658566407!2d6.8636271445062915!3d58.91795862492074!2m3!1f0!2f0!3f0!3m2!1i1024!2i768!4f13.1!5e0!3m2!1sno!2sno!4v1699951071942!5m2!1sno!2sno\" width=\"600\" height=\"450\" style=\"border:0;\" allowfullscreen=\"\" loading=\"lazy\" referrerpolicy=\"no-referrer-when-downgrade\"><\/iframe>\n<\/div>\n<\/div>\n<\/div><\/div>\n\n<div style=\"height:20px\" aria-hidden=\"true\" class=\"wp-block-spacer\"><\/div>\n\n<div class=\"wp-block-cover\" style=\"min-height:430px;aspect-ratio:unset;\"><span aria-hidden=\"true\" class=\"wp-block-cover__background has-black-background-color has-background-dim\"><\/span><img loading=\"lazy\" decoding=\"async\" width=\"2560\" height=\"1707\" class=\"wp-block-cover__image-background wp-image-1390\" alt=\"\" src=\"https:\/\/sirdalfjellpark.no\/wp-content\/uploads\/2023\/11\/Stolheis-25-scaled.jpg\" style=\"object-position:50% 39%\" data-object-fit=\"cover\" data-object-position=\"50% 39%\" srcset=\"https:\/\/sirdalfjellpark.no\/wp-content\/uploads\/2023\/11\/Stolheis-25-scaled.jpg 2560w, https:\/\/sirdalfjellpark.no\/wp-content\/uploads\/2023\/11\/Stolheis-25-300x200.jpg 300w, https:\/\/sirdalfjellpark.no\/wp-content\/uploads\/2023\/11\/Stolheis-25-1024x683.jpg 1024w, https:\/\/sirdalfjellpark.no\/wp-content\/uploads\/2023\/11\/Stolheis-25-768x512.jpg 768w, https:\/\/sirdalfjellpark.no\/wp-content\/uploads\/2023\/11\/Stolheis-25-1536x1024.jpg 1536w, https:\/\/sirdalfjellpark.no\/wp-content\/uploads\/2023\/11\/Stolheis-25-2048x1365.jpg 2048w\" sizes=\"auto, (max-width: 2560px) 100vw, 2560px\" \/><div class=\"wp-block-cover__inner-container is-layout-constrained wp-block-cover-is-layout-constrained\">\n<h2 class=\"wp-block-heading has-text-align-center has-text-color has-link-color wp-elements-72faffea7293b948d6bb791183100967\" style=\"color:#ffffff\">Boreal Ski bus<\/h2>\n<\/div><\/div>\n\n<div style=\"height:20px\" aria-hidden=\"true\" class=\"wp-block-spacer\"><\/div>\n\n<p class=\"small-container\">Boreal Transport runs the Ski Bus to Sirdal every weekend and holidays! <\/p>\n\n<div style=\"height:20px\" aria-hidden=\"true\" class=\"wp-block-spacer\"><\/div>\n\n<div class=\"wp-block-buttons is-content-justification-center is-layout-flex wp-container-core-buttons-is-layout-a89b3969 wp-block-buttons-is-layout-flex\">\n<div class=\"wp-block-button is-style-sirdal-white\"><a class=\"wp-block-button__link wp-element-button\" href=\"https:\/\/skibussen.no\/\">Book here! <\/a><\/div>\n<\/div>\n\n<div style=\"height:20px\" aria-hidden=\"true\" class=\"wp-block-spacer\"><\/div>\n\n<figure class=\"wp-block-image size-large small-container\"><img loading=\"lazy\" decoding=\"async\" width=\"1024\" height=\"704\" src=\"https:\/\/sirdalfjellpark.no\/wp-content\/uploads\/2023\/11\/Skibussen-rutetabell-1024x704.jpg\" alt=\"\" class=\"wp-image-1377\" srcset=\"https:\/\/sirdalfjellpark.no\/wp-content\/uploads\/2023\/11\/Skibussen-rutetabell-1024x704.jpg 1024w, https:\/\/sirdalfjellpark.no\/wp-content\/uploads\/2023\/11\/Skibussen-rutetabell-300x206.jpg 300w, https:\/\/sirdalfjellpark.no\/wp-content\/uploads\/2023\/11\/Skibussen-rutetabell-768x528.jpg 768w, https:\/\/sirdalfjellpark.no\/wp-content\/uploads\/2023\/11\/Skibussen-rutetabell.jpg 1052w\" sizes=\"auto, (max-width: 1024px) 100vw, 1024px\" \/><\/figure>\n\n<div style=\"height:20px\" aria-hidden=\"true\" class=\"wp-block-spacer\"><\/div>\n\n<figure class=\"wp-block-image size-full\"><img loading=\"lazy\" decoding=\"async\" width=\"2560\" height=\"1707\" src=\"https:\/\/sirdalfjellpark.no\/wp-content\/uploads\/2023\/11\/Stolheis-21-scaled.jpg\" alt=\"\" class=\"wp-image-1392\" srcset=\"https:\/\/sirdalfjellpark.no\/wp-content\/uploads\/2023\/11\/Stolheis-21-scaled.jpg 2560w, https:\/\/sirdalfjellpark.no\/wp-content\/uploads\/2023\/11\/Stolheis-21-300x200.jpg 300w, https:\/\/sirdalfjellpark.no\/wp-content\/uploads\/2023\/11\/Stolheis-21-1024x683.jpg 1024w, https:\/\/sirdalfjellpark.no\/wp-content\/uploads\/2023\/11\/Stolheis-21-768x512.jpg 768w, https:\/\/sirdalfjellpark.no\/wp-content\/uploads\/2023\/11\/Stolheis-21-1536x1024.jpg 1536w, https:\/\/sirdalfjellpark.no\/wp-content\/uploads\/2023\/11\/Stolheis-21-2048x1365.jpg 2048w\" sizes=\"auto, (max-width: 2560px) 100vw, 2560px\" \/><\/figure>\n","protected":false},"excerpt":{"rendered":"<p>Chairlift Parking on the two lower levels and a drop-off zone outside the ski rental (max 15 minutes).Address : Beinesvatnet 39, 4443 Tj\u00f8rhom Hulderheimen Parking available outside the restaurant and accommodation buildingAddress: Tj\u00f8rhomfjellet 53, 4443 Tj\u00f8rhom Upper level Parking within the designated areas up by the warm room.Address: Tj\u00f8rdnest\u00f8lveien 39, 4443 Tj\u00f8rhom Lower level Parking [&hellip;]<\/p>\n","protected":false},"author":2,"featured_media":0,"parent":0,"menu_order":0,"comment_status":"closed","ping_status":"closed","template":"","meta":{"_acf_changed":false,"footnotes":""},"categories":[124],"tags":[],"class_list":["post-158","page","type-page","status-publish","hentry","category-explore"],"acf":[],"yoast_head":"<!-- This site is optimized with the Yoast SEO plugin v27.1.1 - https:\/\/yoast.com\/product\/yoast-seo-wordpress\/ -->\n<title>Transport \u2013 bus, parking - Sirdal Fjellpark<\/title>\n<meta name=\"robots\" content=\"index, follow, max-snippet:-1, max-image-preview:large, max-video-preview:-1\" \/>\n<link rel=\"canonical\" href=\"https:\/\/sirdalfjellpark.no\/en\/transport-bus-parking\/\" \/>\n<meta property=\"og:locale\" content=\"en_US\" \/>\n<meta property=\"og:type\" content=\"article\" \/>\n<meta property=\"og:title\" content=\"Transport \u2013 bus, parking - Sirdal Fjellpark\" \/>\n<meta property=\"og:description\" content=\"Chairlift Parking on the two lower levels and a drop-off zone outside the ski rental (max 15 minutes).Address : Beinesvatnet 39, 4443 Tj\u00f8rhom Hulderheimen Parking available outside the restaurant and accommodation buildingAddress: Tj\u00f8rhomfjellet 53, 4443 Tj\u00f8rhom Upper level Parking within the designated areas up by the warm room.Address: Tj\u00f8rdnest\u00f8lveien 39, 4443 Tj\u00f8rhom Lower level Parking [&hellip;]\" \/>\n<meta property=\"og:url\" content=\"https:\/\/sirdalfjellpark.no\/en\/transport-bus-parking\/\" \/>\n<meta property=\"og:site_name\" content=\"Sirdal Fjellpark\" \/>\n<meta property=\"article:modified_time\" content=\"2025-11-28T14:19:36+00:00\" \/>\n<meta property=\"og:image\" content=\"https:\/\/sirdalfjellpark.no\/wp-content\/uploads\/2023\/11\/Solskinnsdag-4-scaled-e1699949084667.jpg\" \/>\n\t<meta property=\"og:image:width\" content=\"2560\" \/>\n\t<meta property=\"og:image:height\" content=\"977\" \/>\n\t<meta property=\"og:image:type\" content=\"image\/jpeg\" \/>\n<meta name=\"twitter:card\" content=\"summary_large_image\" \/>\n<meta name=\"twitter:label1\" content=\"Est. reading time\" \/>\n\t<meta name=\"twitter:data1\" content=\"2 minutes\" \/>\n<script type=\"application\/ld+json\" class=\"yoast-schema-graph\">{\"@context\":\"https:\/\/schema.org\",\"@graph\":[{\"@type\":\"WebPage\",\"@id\":\"https:\/\/sirdalfjellpark.no\/en\/transport-bus-parking\/\",\"url\":\"https:\/\/sirdalfjellpark.no\/en\/transport-bus-parking\/\",\"name\":\"Transport \u2013 bus, parking - Sirdal Fjellpark\",\"isPartOf\":{\"@id\":\"https:\/\/sirdalfjellpark.no\/en\/#website\"},\"primaryImageOfPage\":{\"@id\":\"https:\/\/sirdalfjellpark.no\/en\/transport-bus-parking\/#primaryimage\"},\"image\":{\"@id\":\"https:\/\/sirdalfjellpark.no\/en\/transport-bus-parking\/#primaryimage\"},\"thumbnailUrl\":\"https:\/\/sirdalfjellpark.no\/wp-content\/uploads\/2023\/11\/Solskinnsdag-4-scaled-e1699949084667.jpg\",\"datePublished\":\"2023-09-27T07:28:01+00:00\",\"dateModified\":\"2025-11-28T14:19:36+00:00\",\"breadcrumb\":{\"@id\":\"https:\/\/sirdalfjellpark.no\/en\/transport-bus-parking\/#breadcrumb\"},\"inLanguage\":\"en-US\",\"potentialAction\":[{\"@type\":\"ReadAction\",\"target\":[\"https:\/\/sirdalfjellpark.no\/en\/transport-bus-parking\/\"]}]},{\"@type\":\"ImageObject\",\"inLanguage\":\"en-US\",\"@id\":\"https:\/\/sirdalfjellpark.no\/en\/transport-bus-parking\/#primaryimage\",\"url\":\"https:\/\/sirdalfjellpark.no\/wp-content\/uploads\/2023\/11\/Solskinnsdag-4-scaled-e1699949084667.jpg\",\"contentUrl\":\"https:\/\/sirdalfjellpark.no\/wp-content\/uploads\/2023\/11\/Solskinnsdag-4-scaled-e1699949084667.jpg\"},{\"@type\":\"BreadcrumbList\",\"@id\":\"https:\/\/sirdalfjellpark.no\/en\/transport-bus-parking\/#breadcrumb\",\"itemListElement\":[{\"@type\":\"ListItem\",\"position\":1,\"name\":\"Hjem\",\"item\":\"https:\/\/sirdalfjellpark.no\/en\/sirdal-fjellpark\/\"},{\"@type\":\"ListItem\",\"position\":2,\"name\":\"Transport \u2013 bus, parking\"}]},{\"@type\":\"WebSite\",\"@id\":\"https:\/\/sirdalfjellpark.no\/en\/#website\",\"url\":\"https:\/\/sirdalfjellpark.no\/en\/\",\"name\":\"Sirdal Fjellpark\",\"description\":\"en hel\u00e5rsdestinasjon\",\"publisher\":{\"@id\":\"https:\/\/sirdalfjellpark.no\/en\/#organization\"},\"potentialAction\":[{\"@type\":\"SearchAction\",\"target\":{\"@type\":\"EntryPoint\",\"urlTemplate\":\"https:\/\/sirdalfjellpark.no\/en\/?s={search_term_string}\"},\"query-input\":{\"@type\":\"PropertyValueSpecification\",\"valueRequired\":true,\"valueName\":\"search_term_string\"}}],\"inLanguage\":\"en-US\"},{\"@type\":\"Organization\",\"@id\":\"https:\/\/sirdalfjellpark.no\/en\/#organization\",\"name\":\"Sirdal Fjellpark\",\"url\":\"https:\/\/sirdalfjellpark.no\/en\/\",\"logo\":{\"@type\":\"ImageObject\",\"inLanguage\":\"en-US\",\"@id\":\"https:\/\/sirdalfjellpark.no\/en\/#\/schema\/logo\/image\/\",\"url\":\"https:\/\/sirdalfjellpark.no\/wp-content\/uploads\/2024\/01\/logo-1.svg\",\"contentUrl\":\"https:\/\/sirdalfjellpark.no\/wp-content\/uploads\/2024\/01\/logo-1.svg\",\"caption\":\"Sirdal Fjellpark\"},\"image\":{\"@id\":\"https:\/\/sirdalfjellpark.no\/en\/#\/schema\/logo\/image\/\"}}]}<\/script>\n<!-- \/ Yoast SEO plugin. -->","yoast_head_json":{"title":"Transport \u2013 bus, parking - Sirdal Fjellpark","robots":{"index":"index","follow":"follow","max-snippet":"max-snippet:-1","max-image-preview":"max-image-preview:large","max-video-preview":"max-video-preview:-1"},"canonical":"https:\/\/sirdalfjellpark.no\/en\/transport-bus-parking\/","og_locale":"en_US","og_type":"article","og_title":"Transport \u2013 bus, parking - Sirdal Fjellpark","og_description":"Chairlift Parking on the two lower levels and a drop-off zone outside the ski rental (max 15 minutes).Address : Beinesvatnet 39, 4443 Tj\u00f8rhom Hulderheimen Parking available outside the restaurant and accommodation buildingAddress: Tj\u00f8rhomfjellet 53, 4443 Tj\u00f8rhom Upper level Parking within the designated areas up by the warm room.Address: Tj\u00f8rdnest\u00f8lveien 39, 4443 Tj\u00f8rhom Lower level Parking [&hellip;]","og_url":"https:\/\/sirdalfjellpark.no\/en\/transport-bus-parking\/","og_site_name":"Sirdal Fjellpark","article_modified_time":"2025-11-28T14:19:36+00:00","og_image":[{"width":2560,"height":977,"url":"https:\/\/sirdalfjellpark.no\/wp-content\/uploads\/2023\/11\/Solskinnsdag-4-scaled-e1699949084667.jpg","type":"image\/jpeg"}],"twitter_card":"summary_large_image","twitter_misc":{"Est. reading time":"2 minutes"},"schema":{"@context":"https:\/\/schema.org","@graph":[{"@type":"WebPage","@id":"https:\/\/sirdalfjellpark.no\/en\/transport-bus-parking\/","url":"https:\/\/sirdalfjellpark.no\/en\/transport-bus-parking\/","name":"Transport \u2013 bus, parking - Sirdal Fjellpark","isPartOf":{"@id":"https:\/\/sirdalfjellpark.no\/en\/#website"},"primaryImageOfPage":{"@id":"https:\/\/sirdalfjellpark.no\/en\/transport-bus-parking\/#primaryimage"},"image":{"@id":"https:\/\/sirdalfjellpark.no\/en\/transport-bus-parking\/#primaryimage"},"thumbnailUrl":"https:\/\/sirdalfjellpark.no\/wp-content\/uploads\/2023\/11\/Solskinnsdag-4-scaled-e1699949084667.jpg","datePublished":"2023-09-27T07:28:01+00:00","dateModified":"2025-11-28T14:19:36+00:00","breadcrumb":{"@id":"https:\/\/sirdalfjellpark.no\/en\/transport-bus-parking\/#breadcrumb"},"inLanguage":"en-US","potentialAction":[{"@type":"ReadAction","target":["https:\/\/sirdalfjellpark.no\/en\/transport-bus-parking\/"]}]},{"@type":"ImageObject","inLanguage":"en-US","@id":"https:\/\/sirdalfjellpark.no\/en\/transport-bus-parking\/#primaryimage","url":"https:\/\/sirdalfjellpark.no\/wp-content\/uploads\/2023\/11\/Solskinnsdag-4-scaled-e1699949084667.jpg","contentUrl":"https:\/\/sirdalfjellpark.no\/wp-content\/uploads\/2023\/11\/Solskinnsdag-4-scaled-e1699949084667.jpg"},{"@type":"BreadcrumbList","@id":"https:\/\/sirdalfjellpark.no\/en\/transport-bus-parking\/#breadcrumb","itemListElement":[{"@type":"ListItem","position":1,"name":"Hjem","item":"https:\/\/sirdalfjellpark.no\/en\/sirdal-fjellpark\/"},{"@type":"ListItem","position":2,"name":"Transport \u2013 bus, parking"}]},{"@type":"WebSite","@id":"https:\/\/sirdalfjellpark.no\/en\/#website","url":"https:\/\/sirdalfjellpark.no\/en\/","name":"Sirdal Fjellpark","description":"en hel\u00e5rsdestinasjon","publisher":{"@id":"https:\/\/sirdalfjellpark.no\/en\/#organization"},"potentialAction":[{"@type":"SearchAction","target":{"@type":"EntryPoint","urlTemplate":"https:\/\/sirdalfjellpark.no\/en\/?s={search_term_string}"},"query-input":{"@type":"PropertyValueSpecification","valueRequired":true,"valueName":"search_term_string"}}],"inLanguage":"en-US"},{"@type":"Organization","@id":"https:\/\/sirdalfjellpark.no\/en\/#organization","name":"Sirdal Fjellpark","url":"https:\/\/sirdalfjellpark.no\/en\/","logo":{"@type":"ImageObject","inLanguage":"en-US","@id":"https:\/\/sirdalfjellpark.no\/en\/#\/schema\/logo\/image\/","url":"https:\/\/sirdalfjellpark.no\/wp-content\/uploads\/2024\/01\/logo-1.svg","contentUrl":"https:\/\/sirdalfjellpark.no\/wp-content\/uploads\/2024\/01\/logo-1.svg","caption":"Sirdal Fjellpark"},"image":{"@id":"https:\/\/sirdalfjellpark.no\/en\/#\/schema\/logo\/image\/"}}]}},"_links":{"self":[{"href":"https:\/\/sirdalfjellpark.no\/en\/wp-json\/wp\/v2\/pages\/158","targetHints":{"allow":["GET"]}}],"collection":[{"href":"https:\/\/sirdalfjellpark.no\/en\/wp-json\/wp\/v2\/pages"}],"about":[{"href":"https:\/\/sirdalfjellpark.no\/en\/wp-json\/wp\/v2\/types\/page"}],"author":[{"embeddable":true,"href":"https:\/\/sirdalfjellpark.no\/en\/wp-json\/wp\/v2\/users\/2"}],"replies":[{"embeddable":true,"href":"https:\/\/sirdalfjellpark.no\/en\/wp-json\/wp\/v2\/comments?post=158"}],"version-history":[{"count":9,"href":"https:\/\/sirdalfjellpark.no\/en\/wp-json\/wp\/v2\/pages\/158\/revisions"}],"predecessor-version":[{"id":5548,"href":"https:\/\/sirdalfjellpark.no\/en\/wp-json\/wp\/v2\/pages\/158\/revisions\/5548"}],"wp:attachment":[{"href":"https:\/\/sirdalfjellpark.no\/en\/wp-json\/wp\/v2\/media?parent=158"}],"wp:term":[{"taxonomy":"category","embeddable":true,"href":"https:\/\/sirdalfjellpark.no\/en\/wp-json\/wp\/v2\/categories?post=158"},{"taxonomy":"post_tag","embeddable":true,"href":"https:\/\/sirdalfjellpark.no\/en\/wp-json\/wp\/v2\/tags?post=158"}],"curies":[{"name":"wp","href":"https:\/\/api.w.org\/{rel}","templated":true}]}}