{"id":136,"date":"2023-09-27T09:22:03","date_gmt":"2023-09-27T07:22:03","guid":{"rendered":"https:\/\/sirdalfjellpark.no\/hoyt-lavt\/"},"modified":"2025-10-21T09:33:51","modified_gmt":"2025-10-21T07:33:51","slug":"hoyt-lavt","status":"publish","type":"page","link":"https:\/\/sirdalfjellpark.no\/en\/hoyt-lavt\/","title":{"rendered":"H\u00f8yt &amp; Lavt"},"content":{"rendered":"\n<hr class=\"wp-block-separator has-alpha-channel-opacity\"\/>\n\n\n\n<div class=\"wp-block-cover\" style=\"min-height:150px;aspect-ratio:unset;\"><img loading=\"lazy\" decoding=\"async\" width=\"2560\" height=\"977\" class=\"wp-block-cover__image-background wp-image-1013\" alt=\"\" src=\"https:\/\/sirdalfjellpark.no\/wp-content\/uploads\/2023\/11\/IMG_8294-scaled-e1699346948576.jpg\" data-object-fit=\"cover\" srcset=\"https:\/\/sirdalfjellpark.no\/wp-content\/uploads\/2023\/11\/IMG_8294-scaled-e1699346948576.jpg 2560w, https:\/\/sirdalfjellpark.no\/wp-content\/uploads\/2023\/11\/IMG_8294-scaled-e1699346948576-300x114.jpg 300w, https:\/\/sirdalfjellpark.no\/wp-content\/uploads\/2023\/11\/IMG_8294-scaled-e1699346948576-1024x391.jpg 1024w, https:\/\/sirdalfjellpark.no\/wp-content\/uploads\/2023\/11\/IMG_8294-scaled-e1699346948576-768x293.jpg 768w, https:\/\/sirdalfjellpark.no\/wp-content\/uploads\/2023\/11\/IMG_8294-scaled-e1699346948576-1536x586.jpg 1536w, https:\/\/sirdalfjellpark.no\/wp-content\/uploads\/2023\/11\/IMG_8294-scaled-e1699346948576-2048x782.jpg 2048w\" sizes=\"auto, (max-width: 2560px) 100vw, 2560px\" \/><span aria-hidden=\"true\" class=\"wp-block-cover__background has-background-dim\"><\/span><div class=\"wp-block-cover__inner-container is-layout-flow wp-block-cover-is-layout-flow\">\n<p class=\"has-text-align-center has-large-font-size\">H\u00f8yt &amp; Lavt<\/p>\n<\/div><\/div>\n\n\n\n<p class=\"small-container\">In H\u00f8yt &amp; Lavt climbing parks, we facilitate challenging activities and raw experiences in a safe environment for all ages and skill levels.<\/p>\n\n\n\n<p class=\"small-container\">Here, you&#8217;ll find challenges suitable for all ages. It&#8217;s just as enjoyable for the little ones as it is for the big ones. <br>Our climbing park mainly consists of various types of courses in the trees, with varying lengths and difficulty levels. The courses include cables and ropes built into the natural terrain, allowing you to experience an exciting world from the treetops. <\/p>\n\n\n\n<p class=\"has-text-align-center\"><strong>All overnight bookings get a 10% discount on the climbing park and mountain carts!!! <a href=\"https:\/\/595debdfca476.sirvoy.me\/\">Book now<\/a><\/strong><\/p>\n\n\n\n<h2 class=\"wp-block-heading has-text-align-center small-container\">7 COURSES \u2013 7 ZIP-LINES \u2013 58 ELEMENTS<\/h2>\n\n\n\n<h2 class=\"wp-block-heading\"><\/h2>\n\n\n\n<div style=\"height:20px\" aria-hidden=\"true\" class=\"wp-block-spacer\"><\/div>\n\n\n\n<div class=\"wp-block-cover\" style=\"min-height:150px;aspect-ratio:unset;\"><img loading=\"lazy\" decoding=\"async\" width=\"2560\" height=\"1707\" class=\"wp-block-cover__image-background wp-image-1037\" alt=\"\" src=\"https:\/\/sirdalfjellpark.no\/wp-content\/uploads\/2023\/11\/jbDSC09381-scaled.jpg\" style=\"object-position:44% 38%\" data-object-fit=\"cover\" data-object-position=\"44% 38%\" srcset=\"https:\/\/sirdalfjellpark.no\/wp-content\/uploads\/2023\/11\/jbDSC09381-scaled.jpg 2560w, https:\/\/sirdalfjellpark.no\/wp-content\/uploads\/2023\/11\/jbDSC09381-300x200.jpg 300w, https:\/\/sirdalfjellpark.no\/wp-content\/uploads\/2023\/11\/jbDSC09381-1024x683.jpg 1024w, https:\/\/sirdalfjellpark.no\/wp-content\/uploads\/2023\/11\/jbDSC09381-768x512.jpg 768w, https:\/\/sirdalfjellpark.no\/wp-content\/uploads\/2023\/11\/jbDSC09381-1536x1024.jpg 1536w, https:\/\/sirdalfjellpark.no\/wp-content\/uploads\/2023\/11\/jbDSC09381-2048x1365.jpg 2048w\" sizes=\"auto, (max-width: 2560px) 100vw, 2560px\" \/><span aria-hidden=\"true\" class=\"wp-block-cover__background has-background-dim-10 has-background-dim\"><\/span><div class=\"wp-block-cover__inner-container is-layout-constrained wp-block-cover-is-layout-constrained\">\n<h2 class=\"wp-block-heading has-text-align-center\">Prices<\/h2>\n<\/div><\/div>\n\n\n\n<div style=\"height:20px\" aria-hidden=\"true\" class=\"wp-block-spacer\"><\/div>\n\n\n\n<div class=\"wp-block-buttons is-content-justification-center is-layout-flex wp-container-core-buttons-is-layout-a89b3969 wp-block-buttons-is-layout-flex\">\n<div class=\"wp-block-button\"><a class=\"wp-block-button__link has-primary-background-color has-text-color has-background has-link-color has-medium-font-size has-custom-font-size wp-element-button\" href=\"https:\/\/sirdalfjellpark.skiperformance.com\/en\/summer_season\/store#\/en\/summer_season\/buy?skugroup_id=3968\" style=\"border-radius:100px;color:#fefefe\" target=\"_blank\" rel=\"noreferrer noopener\">Book climbing<\/a><\/div>\n<\/div>\n\n\n\n<figure class=\"wp-block-table is-style-stripes small-container\"><table><thead><tr><th class=\"has-text-align-left\" data-align=\"left\">Day pass 2025<\/th><th class=\"has-text-align-left\" data-align=\"left\">Price<\/th><\/tr><\/thead><tbody><tr><td class=\"has-text-align-left\" data-align=\"left\">13+ years**<\/td><td class=\"has-text-align-left\" data-align=\"left\">400,-<\/td><\/tr><tr><td class=\"has-text-align-left\" data-align=\"left\">7-12 years***<\/td><td class=\"has-text-align-left\" data-align=\"left\">340,-<\/td><\/tr><tr><td class=\"has-text-align-left\" data-align=\"left\">3-6 years****<\/td><td class=\"has-text-align-left\" data-align=\"left\">190,-<\/td><\/tr><\/tbody><\/table><\/figure>\n\n\n\n<div style=\"height:20px\" aria-hidden=\"true\" class=\"wp-block-spacer\"><\/div>\n\n\n\n<p class=\"small-container\">** Person over 140 cm. <br>Blue course: over 140 cm and 10 years old to go through the course alone. <br>Red course: over 140 cm and 13 years old to go through the course alone. <br>Quick jump: over 140 cm and 10 years old to go through the course alone. <\/p>\n\n\n\n<div style=\"height:20px\" aria-hidden=\"true\" class=\"wp-block-spacer\"><\/div>\n\n\n\n<p class=\"small-container\">*** Children 110-140 cm <br>Children under 10 years, but over 140 cm, must be accompanied in the red and blue trails by a responsible adult <\/p>\n\n\n\n<div style=\"height:20px\" aria-hidden=\"true\" class=\"wp-block-spacer\"><\/div>\n\n\n\n<p class=\"small-container\">**** Children 80-110 cm tall. <br>Children under 6 years old must be accompanied in the courses by a responsible adult (ticket required). <br>Children under 6 years old but over 110 cm must be accompanied by a responsible adult in all courses (ticket required). <\/p>\n\n\n\n<div style=\"height:20px\" aria-hidden=\"true\" class=\"wp-block-spacer\"><\/div>\n\n\n\n<p><\/p>\n\n\n\n<div class=\"wp-block-cover is-light\" style=\"min-height:150px;aspect-ratio:unset;\"><img loading=\"lazy\" decoding=\"async\" width=\"2560\" height=\"1707\" class=\"wp-block-cover__image-background wp-image-1033\" alt=\"\" src=\"https:\/\/sirdalfjellpark.no\/wp-content\/uploads\/2023\/11\/jbDSC02459-scaled.jpg\" style=\"object-position:47% 30%\" data-object-fit=\"cover\" data-object-position=\"47% 30%\" srcset=\"https:\/\/sirdalfjellpark.no\/wp-content\/uploads\/2023\/11\/jbDSC02459-scaled.jpg 2560w, https:\/\/sirdalfjellpark.no\/wp-content\/uploads\/2023\/11\/jbDSC02459-300x200.jpg 300w, https:\/\/sirdalfjellpark.no\/wp-content\/uploads\/2023\/11\/jbDSC02459-1024x683.jpg 1024w, https:\/\/sirdalfjellpark.no\/wp-content\/uploads\/2023\/11\/jbDSC02459-768x512.jpg 768w, https:\/\/sirdalfjellpark.no\/wp-content\/uploads\/2023\/11\/jbDSC02459-1536x1024.jpg 1536w, https:\/\/sirdalfjellpark.no\/wp-content\/uploads\/2023\/11\/jbDSC02459-2048x1365.jpg 2048w\" sizes=\"auto, (max-width: 2560px) 100vw, 2560px\" \/><span aria-hidden=\"true\" class=\"wp-block-cover__background has-background-dim-10 has-background-dim\"><\/span><div class=\"wp-block-cover__inner-container is-layout-constrained wp-block-cover-is-layout-constrained\">\n<h2 class=\"wp-block-heading has-text-align-center has-text-color has-link-color wp-elements-e794c965520bca2f05ffe1e0bbb4855a\" style=\"color:#ffffff\">Season pass<\/h2>\n<\/div><\/div>\n\n\n\n<div style=\"height:20px\" aria-hidden=\"true\" class=\"wp-block-spacer\"><\/div>\n\n\n\n<figure class=\"wp-block-table is-style-stripes small-container\"><table><thead><tr><th class=\"has-text-align-left\" data-align=\"left\">Season pass 2025<\/th><th><\/th><\/tr><\/thead><tbody><tr><td class=\"has-text-align-left\" data-align=\"left\">13+ years<\/td><td>1500,-<\/td><\/tr><tr><td class=\"has-text-align-left\" data-align=\"left\">3-12 years<\/td><td>1300,-<\/td><\/tr><tr><td class=\"has-text-align-left\" data-align=\"left\">National Season pass**<\/td><td>1790,-<\/td><\/tr><\/tbody><\/table><\/figure>\n\n\n\n<div style=\"height:20px\" aria-hidden=\"true\" class=\"wp-block-spacer\"><\/div>\n\n\n\n<p class=\"small-container\">Climb as much as you want with the season pass at H\u00f8yt &amp; Lavt Sirdal within our opening hours! <\/p>\n\n\n\n<p class=\"small-container\">** The National Season Pass is valid in all H\u00f8yt &amp; Lavt climbing parks in the country (except H\u00f8yt &amp; Lavt Oslo and H\u00f8yt &amp; Lavt Hallingdal)<\/p>\n\n\n\n<div class=\"wp-block-cover\"><img loading=\"lazy\" decoding=\"async\" width=\"2560\" height=\"1707\" class=\"wp-block-cover__image-background wp-image-1047\" alt=\"\" src=\"https:\/\/sirdalfjellpark.no\/wp-content\/uploads\/2023\/11\/jbDSC09268-scaled.jpg\" style=\"object-position:48% 25%\" data-object-fit=\"cover\" data-object-position=\"48% 25%\" srcset=\"https:\/\/sirdalfjellpark.no\/wp-content\/uploads\/2023\/11\/jbDSC09268-scaled.jpg 2560w, https:\/\/sirdalfjellpark.no\/wp-content\/uploads\/2023\/11\/jbDSC09268-300x200.jpg 300w, https:\/\/sirdalfjellpark.no\/wp-content\/uploads\/2023\/11\/jbDSC09268-1024x683.jpg 1024w, https:\/\/sirdalfjellpark.no\/wp-content\/uploads\/2023\/11\/jbDSC09268-768x512.jpg 768w, https:\/\/sirdalfjellpark.no\/wp-content\/uploads\/2023\/11\/jbDSC09268-1536x1024.jpg 1536w, https:\/\/sirdalfjellpark.no\/wp-content\/uploads\/2023\/11\/jbDSC09268-2048x1365.jpg 2048w\" sizes=\"auto, (max-width: 2560px) 100vw, 2560px\" \/><span aria-hidden=\"true\" class=\"wp-block-cover__background has-background-dim-10 has-background-dim\"><\/span><div class=\"wp-block-cover__inner-container is-layout-constrained wp-block-cover-is-layout-constrained\">\n<p class=\"has-text-align-center has-large-font-size\"><\/p>\n<\/div><\/div>\n","protected":false},"excerpt":{"rendered":"<p>In H\u00f8yt &amp; Lavt climbing parks, we facilitate challenging activities and raw experiences in a safe environment for all ages and skill levels. Here, you&#8217;ll find challenges suitable for all ages. It&#8217;s just as enjoyable for the little ones as it is for the big ones. Our climbing park mainly consists of various types of [&hellip;]<\/p>\n","protected":false},"author":2,"featured_media":0,"parent":0,"menu_order":0,"comment_status":"closed","ping_status":"closed","template":"","meta":{"_acf_changed":false,"footnotes":""},"categories":[15],"tags":[],"class_list":["post-136","page","type-page","status-publish","hentry","category-summer"],"acf":[],"yoast_head":"<!-- This site is optimized with the Yoast SEO plugin v27.1.1 - https:\/\/yoast.com\/product\/yoast-seo-wordpress\/ -->\n<title>H\u00f8yt &amp; Lavt - Sirdal Fjellpark<\/title>\n<meta name=\"robots\" content=\"index, follow, max-snippet:-1, max-image-preview:large, max-video-preview:-1\" \/>\n<link rel=\"canonical\" href=\"https:\/\/sirdalfjellpark.no\/en\/hoyt-lavt\/\" \/>\n<meta property=\"og:locale\" content=\"en_US\" \/>\n<meta property=\"og:type\" content=\"article\" \/>\n<meta property=\"og:title\" content=\"H\u00f8yt &amp; Lavt - Sirdal Fjellpark\" \/>\n<meta property=\"og:description\" content=\"In H\u00f8yt &amp; Lavt climbing parks, we facilitate challenging activities and raw experiences in a safe environment for all ages and skill levels. Here, you&#8217;ll find challenges suitable for all ages. It&#8217;s just as enjoyable for the little ones as it is for the big ones. Our climbing park mainly consists of various types of [&hellip;]\" \/>\n<meta property=\"og:url\" content=\"https:\/\/sirdalfjellpark.no\/en\/hoyt-lavt\/\" \/>\n<meta property=\"og:site_name\" content=\"Sirdal Fjellpark\" \/>\n<meta property=\"article:modified_time\" content=\"2025-10-21T07:33:51+00:00\" \/>\n<meta property=\"og:image\" content=\"https:\/\/sirdalfjellpark.no\/wp-content\/uploads\/2023\/11\/IMG_8294-scaled-e1699346948576.jpg\" \/>\n\t<meta property=\"og:image:width\" content=\"2560\" \/>\n\t<meta property=\"og:image:height\" content=\"977\" \/>\n\t<meta property=\"og:image:type\" content=\"image\/jpeg\" \/>\n<meta name=\"twitter:card\" content=\"summary_large_image\" \/>\n<meta name=\"twitter:label1\" content=\"Est. reading time\" \/>\n\t<meta name=\"twitter:data1\" content=\"3 minutes\" \/>\n<script type=\"application\/ld+json\" class=\"yoast-schema-graph\">{\"@context\":\"https:\/\/schema.org\",\"@graph\":[{\"@type\":\"WebPage\",\"@id\":\"https:\/\/sirdalfjellpark.no\/en\/hoyt-lavt\/\",\"url\":\"https:\/\/sirdalfjellpark.no\/en\/hoyt-lavt\/\",\"name\":\"H\u00f8yt &amp; Lavt - Sirdal Fjellpark\",\"isPartOf\":{\"@id\":\"https:\/\/sirdalfjellpark.no\/en\/#website\"},\"primaryImageOfPage\":{\"@id\":\"https:\/\/sirdalfjellpark.no\/en\/hoyt-lavt\/#primaryimage\"},\"image\":{\"@id\":\"https:\/\/sirdalfjellpark.no\/en\/hoyt-lavt\/#primaryimage\"},\"thumbnailUrl\":\"https:\/\/sirdalfjellpark.no\/wp-content\/uploads\/2023\/11\/IMG_8294-scaled-e1699346948576.jpg\",\"datePublished\":\"2023-09-27T07:22:03+00:00\",\"dateModified\":\"2025-10-21T07:33:51+00:00\",\"breadcrumb\":{\"@id\":\"https:\/\/sirdalfjellpark.no\/en\/hoyt-lavt\/#breadcrumb\"},\"inLanguage\":\"en-US\",\"potentialAction\":[{\"@type\":\"ReadAction\",\"target\":[\"https:\/\/sirdalfjellpark.no\/en\/hoyt-lavt\/\"]}]},{\"@type\":\"ImageObject\",\"inLanguage\":\"en-US\",\"@id\":\"https:\/\/sirdalfjellpark.no\/en\/hoyt-lavt\/#primaryimage\",\"url\":\"https:\/\/sirdalfjellpark.no\/wp-content\/uploads\/2023\/11\/IMG_8294-scaled-e1699346948576.jpg\",\"contentUrl\":\"https:\/\/sirdalfjellpark.no\/wp-content\/uploads\/2023\/11\/IMG_8294-scaled-e1699346948576.jpg\"},{\"@type\":\"BreadcrumbList\",\"@id\":\"https:\/\/sirdalfjellpark.no\/en\/hoyt-lavt\/#breadcrumb\",\"itemListElement\":[{\"@type\":\"ListItem\",\"position\":1,\"name\":\"Hjem\",\"item\":\"https:\/\/sirdalfjellpark.no\/en\/sirdal-fjellpark\/\"},{\"@type\":\"ListItem\",\"position\":2,\"name\":\"H\u00f8yt &amp; Lavt\"}]},{\"@type\":\"WebSite\",\"@id\":\"https:\/\/sirdalfjellpark.no\/en\/#website\",\"url\":\"https:\/\/sirdalfjellpark.no\/en\/\",\"name\":\"Sirdal Fjellpark\",\"description\":\"en hel\u00e5rsdestinasjon\",\"publisher\":{\"@id\":\"https:\/\/sirdalfjellpark.no\/en\/#organization\"},\"potentialAction\":[{\"@type\":\"SearchAction\",\"target\":{\"@type\":\"EntryPoint\",\"urlTemplate\":\"https:\/\/sirdalfjellpark.no\/en\/?s={search_term_string}\"},\"query-input\":{\"@type\":\"PropertyValueSpecification\",\"valueRequired\":true,\"valueName\":\"search_term_string\"}}],\"inLanguage\":\"en-US\"},{\"@type\":\"Organization\",\"@id\":\"https:\/\/sirdalfjellpark.no\/en\/#organization\",\"name\":\"Sirdal Fjellpark\",\"url\":\"https:\/\/sirdalfjellpark.no\/en\/\",\"logo\":{\"@type\":\"ImageObject\",\"inLanguage\":\"en-US\",\"@id\":\"https:\/\/sirdalfjellpark.no\/en\/#\/schema\/logo\/image\/\",\"url\":\"https:\/\/sirdalfjellpark.no\/wp-content\/uploads\/2024\/01\/logo-1.svg\",\"contentUrl\":\"https:\/\/sirdalfjellpark.no\/wp-content\/uploads\/2024\/01\/logo-1.svg\",\"caption\":\"Sirdal Fjellpark\"},\"image\":{\"@id\":\"https:\/\/sirdalfjellpark.no\/en\/#\/schema\/logo\/image\/\"}}]}<\/script>\n<!-- \/ Yoast SEO plugin. -->","yoast_head_json":{"title":"H\u00f8yt &amp; Lavt - Sirdal Fjellpark","robots":{"index":"index","follow":"follow","max-snippet":"max-snippet:-1","max-image-preview":"max-image-preview:large","max-video-preview":"max-video-preview:-1"},"canonical":"https:\/\/sirdalfjellpark.no\/en\/hoyt-lavt\/","og_locale":"en_US","og_type":"article","og_title":"H\u00f8yt &amp; Lavt - Sirdal Fjellpark","og_description":"In H\u00f8yt &amp; Lavt climbing parks, we facilitate challenging activities and raw experiences in a safe environment for all ages and skill levels. Here, you&#8217;ll find challenges suitable for all ages. It&#8217;s just as enjoyable for the little ones as it is for the big ones. Our climbing park mainly consists of various types of [&hellip;]","og_url":"https:\/\/sirdalfjellpark.no\/en\/hoyt-lavt\/","og_site_name":"Sirdal Fjellpark","article_modified_time":"2025-10-21T07:33:51+00:00","og_image":[{"width":2560,"height":977,"url":"https:\/\/sirdalfjellpark.no\/wp-content\/uploads\/2023\/11\/IMG_8294-scaled-e1699346948576.jpg","type":"image\/jpeg"}],"twitter_card":"summary_large_image","twitter_misc":{"Est. reading time":"3 minutes"},"schema":{"@context":"https:\/\/schema.org","@graph":[{"@type":"WebPage","@id":"https:\/\/sirdalfjellpark.no\/en\/hoyt-lavt\/","url":"https:\/\/sirdalfjellpark.no\/en\/hoyt-lavt\/","name":"H\u00f8yt &amp; Lavt - Sirdal Fjellpark","isPartOf":{"@id":"https:\/\/sirdalfjellpark.no\/en\/#website"},"primaryImageOfPage":{"@id":"https:\/\/sirdalfjellpark.no\/en\/hoyt-lavt\/#primaryimage"},"image":{"@id":"https:\/\/sirdalfjellpark.no\/en\/hoyt-lavt\/#primaryimage"},"thumbnailUrl":"https:\/\/sirdalfjellpark.no\/wp-content\/uploads\/2023\/11\/IMG_8294-scaled-e1699346948576.jpg","datePublished":"2023-09-27T07:22:03+00:00","dateModified":"2025-10-21T07:33:51+00:00","breadcrumb":{"@id":"https:\/\/sirdalfjellpark.no\/en\/hoyt-lavt\/#breadcrumb"},"inLanguage":"en-US","potentialAction":[{"@type":"ReadAction","target":["https:\/\/sirdalfjellpark.no\/en\/hoyt-lavt\/"]}]},{"@type":"ImageObject","inLanguage":"en-US","@id":"https:\/\/sirdalfjellpark.no\/en\/hoyt-lavt\/#primaryimage","url":"https:\/\/sirdalfjellpark.no\/wp-content\/uploads\/2023\/11\/IMG_8294-scaled-e1699346948576.jpg","contentUrl":"https:\/\/sirdalfjellpark.no\/wp-content\/uploads\/2023\/11\/IMG_8294-scaled-e1699346948576.jpg"},{"@type":"BreadcrumbList","@id":"https:\/\/sirdalfjellpark.no\/en\/hoyt-lavt\/#breadcrumb","itemListElement":[{"@type":"ListItem","position":1,"name":"Hjem","item":"https:\/\/sirdalfjellpark.no\/en\/sirdal-fjellpark\/"},{"@type":"ListItem","position":2,"name":"H\u00f8yt &amp; Lavt"}]},{"@type":"WebSite","@id":"https:\/\/sirdalfjellpark.no\/en\/#website","url":"https:\/\/sirdalfjellpark.no\/en\/","name":"Sirdal Fjellpark","description":"en hel\u00e5rsdestinasjon","publisher":{"@id":"https:\/\/sirdalfjellpark.no\/en\/#organization"},"potentialAction":[{"@type":"SearchAction","target":{"@type":"EntryPoint","urlTemplate":"https:\/\/sirdalfjellpark.no\/en\/?s={search_term_string}"},"query-input":{"@type":"PropertyValueSpecification","valueRequired":true,"valueName":"search_term_string"}}],"inLanguage":"en-US"},{"@type":"Organization","@id":"https:\/\/sirdalfjellpark.no\/en\/#organization","name":"Sirdal Fjellpark","url":"https:\/\/sirdalfjellpark.no\/en\/","logo":{"@type":"ImageObject","inLanguage":"en-US","@id":"https:\/\/sirdalfjellpark.no\/en\/#\/schema\/logo\/image\/","url":"https:\/\/sirdalfjellpark.no\/wp-content\/uploads\/2024\/01\/logo-1.svg","contentUrl":"https:\/\/sirdalfjellpark.no\/wp-content\/uploads\/2024\/01\/logo-1.svg","caption":"Sirdal Fjellpark"},"image":{"@id":"https:\/\/sirdalfjellpark.no\/en\/#\/schema\/logo\/image\/"}}]}},"_links":{"self":[{"href":"https:\/\/sirdalfjellpark.no\/en\/wp-json\/wp\/v2\/pages\/136","targetHints":{"allow":["GET"]}}],"collection":[{"href":"https:\/\/sirdalfjellpark.no\/en\/wp-json\/wp\/v2\/pages"}],"about":[{"href":"https:\/\/sirdalfjellpark.no\/en\/wp-json\/wp\/v2\/types\/page"}],"author":[{"embeddable":true,"href":"https:\/\/sirdalfjellpark.no\/en\/wp-json\/wp\/v2\/users\/2"}],"replies":[{"embeddable":true,"href":"https:\/\/sirdalfjellpark.no\/en\/wp-json\/wp\/v2\/comments?post=136"}],"version-history":[{"count":27,"href":"https:\/\/sirdalfjellpark.no\/en\/wp-json\/wp\/v2\/pages\/136\/revisions"}],"predecessor-version":[{"id":5080,"href":"https:\/\/sirdalfjellpark.no\/en\/wp-json\/wp\/v2\/pages\/136\/revisions\/5080"}],"wp:attachment":[{"href":"https:\/\/sirdalfjellpark.no\/en\/wp-json\/wp\/v2\/media?parent=136"}],"wp:term":[{"taxonomy":"category","embeddable":true,"href":"https:\/\/sirdalfjellpark.no\/en\/wp-json\/wp\/v2\/categories?post=136"},{"taxonomy":"post_tag","embeddable":true,"href":"https:\/\/sirdalfjellpark.no\/en\/wp-json\/wp\/v2\/tags?post=136"}],"curies":[{"name":"wp","href":"https:\/\/api.w.org\/{rel}","templated":true}]}}