{"id":129,"date":"2023-09-27T09:21:00","date_gmt":"2023-09-27T07:21:00","guid":{"rendered":"https:\/\/sirdalfjellpark.no\/barneomrader\/"},"modified":"2025-11-28T11:31:35","modified_gmt":"2025-11-28T10:31:35","slug":"childrens-area","status":"publish","type":"page","link":"https:\/\/sirdalfjellpark.no\/en\/childrens-area\/","title":{"rendered":"Children&#8217;s Area"},"content":{"rendered":"\n<figure class=\"wp-block-image alignfull size-full jumbo-pic\"><img loading=\"lazy\" decoding=\"async\" width=\"2560\" height=\"977\" src=\"https:\/\/sirdalfjellpark.no\/wp-content\/uploads\/2024\/01\/I8A6327-scaled-e1705413986108.jpg\" alt=\"\" class=\"wp-image-2267\" srcset=\"https:\/\/sirdalfjellpark.no\/wp-content\/uploads\/2024\/01\/I8A6327-scaled-e1705413986108.jpg 2560w, https:\/\/sirdalfjellpark.no\/wp-content\/uploads\/2024\/01\/I8A6327-scaled-e1705413986108-300x114.jpg 300w, https:\/\/sirdalfjellpark.no\/wp-content\/uploads\/2024\/01\/I8A6327-scaled-e1705413986108-1024x391.jpg 1024w, https:\/\/sirdalfjellpark.no\/wp-content\/uploads\/2024\/01\/I8A6327-scaled-e1705413986108-768x293.jpg 768w, https:\/\/sirdalfjellpark.no\/wp-content\/uploads\/2024\/01\/I8A6327-scaled-e1705413986108-1536x586.jpg 1536w, https:\/\/sirdalfjellpark.no\/wp-content\/uploads\/2024\/01\/I8A6327-scaled-e1705413986108-2048x782.jpg 2048w\" sizes=\"auto, (max-width: 2560px) 100vw, 2560px\" \/><figcaption class=\"wp-element-caption\">Children&#8217;s Area<\/figcaption><\/figure>\n\n\n\n<p class=\"has-text-align-center has-white-color has-primary-background-color has-text-color has-background\">For safety reasons, the use of sledges\/toboggans is not allowed in the ski resort slopes. This also applies to the children&#8217;s area in Hulderheimen and \u00c5lsheia.<\/p>\n\n\n\n<div style=\"height:50px\" aria-hidden=\"true\" class=\"wp-block-spacer\"><\/div>\n\n\n\n<div class=\"wp-block-group small-container\"><div class=\"wp-block-group__inner-container is-layout-constrained wp-block-group-is-layout-constrained\">\n<p>Sirdal Fjellpark has two children&#8217;s areas.<\/p>\n\n\n\n<h3 class=\"wp-block-heading\">Hulderheimen<\/h3>\n\n\n\n<p>In Tj\u00f8rhomfjellet, close to H\u00f8yt &amp; Lavt Sirdal and Sirdal Lodge, you&#8217;ll find Hulderheimen. Here, there is free access to a rope lift and perfect beginner slopes for both young and old. Once you feel confident enough to try the larger lifts, you can start with the platter lift in Hulderheimen with its two accompanying slopes.<\/p>\n\n\n\n<p><br>To access the platter lift and other lifts in the resort, you&#8217;ll need a ski pass. Passes can be easily purchased online. Parking is available on-site. Hulderheimen is open during Tj\u00f8rhomfjellet&#8217;s opening hours.<\/p>\n\n\n\n<div style=\"height:20px\" aria-hidden=\"true\" class=\"wp-block-spacer\"><\/div>\n\n\n\n<hr class=\"wp-block-separator has-text-color has-alpha-channel-opacity has-background is-style-wide\" style=\"background-color:#eeeeee;color:#eeeeee\"\/>\n\n\n\n<div style=\"height:20px\" aria-hidden=\"true\" class=\"wp-block-spacer\"><\/div>\n\n\n\n<h3 class=\"wp-block-heading\">\u00c5lsheia<\/h3>\n\n\n\n<p>In \u00c5lsheia, you&#8217;ll find a children&#8217;s conveyor belt on the right side of the main lift. The conveyor belt is completely free to use and a nice place for the youngest ones to practice.<\/p>\n\n\n\n<p><br>To access other lifts in the resort, you&#8217;ll need a ski pass. This can be conveniently purchased online. Parking is available on-site. Open in \u00c5lsheias openinghours.<\/p>\n<\/div><\/div>\n\n\n\n<div style=\"height:50px\" aria-hidden=\"true\" class=\"wp-block-spacer\"><\/div>\n\n\n\n<div class=\"wp-block-group\"><div class=\"wp-block-group__inner-container is-layout-constrained wp-block-group-is-layout-constrained\">\n<div class=\"wp-block-cover alignwide is-light\"><img decoding=\"async\" class=\"wp-block-cover__image-background wp-image-615\" alt=\"\" src=\"https:\/\/sirdalfjellpark.no\/wp-content\/uploads\/2023\/10\/skole2.jpg\" style=\"object-position:58% 52%\" data-object-fit=\"cover\" data-object-position=\"58% 52%\"\/><span aria-hidden=\"true\" class=\"wp-block-cover__background has-background-dim-10 has-background-dim\"><\/span><div class=\"wp-block-cover__inner-container is-layout-flow wp-block-cover-is-layout-flow\">\n<div class=\"wp-block-group\"><div class=\"wp-block-group__inner-container is-layout-constrained wp-block-group-is-layout-constrained\">\n<div class=\"wp-block-buttons is-content-justification-center is-layout-flex wp-container-core-buttons-is-layout-a89b3969 wp-block-buttons-is-layout-flex\">\n<div class=\"wp-block-button is-style-sirdal-white\"><a class=\"wp-block-button__link wp-element-button\" href=\"https:\/\/sirdalfjellpark.skiperformance.com\/no\/vintersesong\/shopp#\/no\/vintersesong\/buy?skugroup_id=243\" target=\"_blank\" rel=\"noreferrer noopener\">Buy ski passes here!<\/a><\/div>\n<\/div>\n<\/div><\/div>\n<\/div><\/div>\n<\/div><\/div>\n","protected":false},"excerpt":{"rendered":"<p>For safety reasons, the use of sledges\/toboggans is not allowed in the ski resort slopes. This also applies to the children&#8217;s area in Hulderheimen and \u00c5lsheia. Sirdal Fjellpark has two children&#8217;s areas. Hulderheimen In Tj\u00f8rhomfjellet, close to H\u00f8yt &amp; Lavt Sirdal and Sirdal Lodge, you&#8217;ll find Hulderheimen. Here, there is free access to a rope [&hellip;]<\/p>\n","protected":false},"author":2,"featured_media":0,"parent":0,"menu_order":0,"comment_status":"closed","ping_status":"closed","template":"","meta":{"_acf_changed":false,"footnotes":""},"categories":[14],"tags":[],"class_list":["post-129","page","type-page","status-publish","hentry","category-vinter-en"],"acf":[],"yoast_head":"<!-- This site is optimized with the Yoast SEO plugin v27.1.1 - https:\/\/yoast.com\/product\/yoast-seo-wordpress\/ -->\n<title>Children&#039;s Area - Sirdal Fjellpark<\/title>\n<meta name=\"robots\" content=\"index, follow, max-snippet:-1, max-image-preview:large, max-video-preview:-1\" \/>\n<link rel=\"canonical\" href=\"https:\/\/sirdalfjellpark.no\/en\/childrens-area\/\" \/>\n<meta property=\"og:locale\" content=\"en_US\" \/>\n<meta property=\"og:type\" content=\"article\" \/>\n<meta property=\"og:title\" content=\"Children&#039;s Area - Sirdal Fjellpark\" \/>\n<meta property=\"og:description\" content=\"For safety reasons, the use of sledges\/toboggans is not allowed in the ski resort slopes. This also applies to the children&#8217;s area in Hulderheimen and \u00c5lsheia. Sirdal Fjellpark has two children&#8217;s areas. Hulderheimen In Tj\u00f8rhomfjellet, close to H\u00f8yt &amp; Lavt Sirdal and Sirdal Lodge, you&#8217;ll find Hulderheimen. Here, there is free access to a rope [&hellip;]\" \/>\n<meta property=\"og:url\" content=\"https:\/\/sirdalfjellpark.no\/en\/childrens-area\/\" \/>\n<meta property=\"og:site_name\" content=\"Sirdal Fjellpark\" \/>\n<meta property=\"article:modified_time\" content=\"2025-11-28T10:31:35+00:00\" \/>\n<meta property=\"og:image\" content=\"https:\/\/sirdalfjellpark.no\/wp-content\/uploads\/2024\/01\/I8A6327-scaled-e1705413986108.jpg\" \/>\n<meta name=\"twitter:card\" content=\"summary_large_image\" \/>\n<meta name=\"twitter:label1\" content=\"Est. reading time\" \/>\n\t<meta name=\"twitter:data1\" content=\"2 minutes\" \/>\n<script type=\"application\/ld+json\" class=\"yoast-schema-graph\">{\"@context\":\"https:\/\/schema.org\",\"@graph\":[{\"@type\":\"WebPage\",\"@id\":\"https:\/\/sirdalfjellpark.no\/en\/childrens-area\/\",\"url\":\"https:\/\/sirdalfjellpark.no\/en\/childrens-area\/\",\"name\":\"Children's Area - Sirdal Fjellpark\",\"isPartOf\":{\"@id\":\"https:\/\/sirdalfjellpark.no\/en\/#website\"},\"primaryImageOfPage\":{\"@id\":\"https:\/\/sirdalfjellpark.no\/en\/childrens-area\/#primaryimage\"},\"image\":{\"@id\":\"https:\/\/sirdalfjellpark.no\/en\/childrens-area\/#primaryimage\"},\"thumbnailUrl\":\"https:\/\/sirdalfjellpark.no\/wp-content\/uploads\/2024\/01\/I8A6327-scaled-e1705413986108.jpg\",\"datePublished\":\"2023-09-27T07:21:00+00:00\",\"dateModified\":\"2025-11-28T10:31:35+00:00\",\"breadcrumb\":{\"@id\":\"https:\/\/sirdalfjellpark.no\/en\/childrens-area\/#breadcrumb\"},\"inLanguage\":\"en-US\",\"potentialAction\":[{\"@type\":\"ReadAction\",\"target\":[\"https:\/\/sirdalfjellpark.no\/en\/childrens-area\/\"]}]},{\"@type\":\"ImageObject\",\"inLanguage\":\"en-US\",\"@id\":\"https:\/\/sirdalfjellpark.no\/en\/childrens-area\/#primaryimage\",\"url\":\"https:\/\/sirdalfjellpark.no\/wp-content\/uploads\/2024\/01\/I8A6327-scaled-e1705413986108.jpg\",\"contentUrl\":\"https:\/\/sirdalfjellpark.no\/wp-content\/uploads\/2024\/01\/I8A6327-scaled-e1705413986108.jpg\"},{\"@type\":\"BreadcrumbList\",\"@id\":\"https:\/\/sirdalfjellpark.no\/en\/childrens-area\/#breadcrumb\",\"itemListElement\":[{\"@type\":\"ListItem\",\"position\":1,\"name\":\"Hjem\",\"item\":\"https:\/\/sirdalfjellpark.no\/en\/\"},{\"@type\":\"ListItem\",\"position\":2,\"name\":\"Children&#8217;s Area\"}]},{\"@type\":\"WebSite\",\"@id\":\"https:\/\/sirdalfjellpark.no\/en\/#website\",\"url\":\"https:\/\/sirdalfjellpark.no\/en\/\",\"name\":\"Sirdal Fjellpark\",\"description\":\"en hel\u00e5rsdestinasjon\",\"publisher\":{\"@id\":\"https:\/\/sirdalfjellpark.no\/en\/#organization\"},\"potentialAction\":[{\"@type\":\"SearchAction\",\"target\":{\"@type\":\"EntryPoint\",\"urlTemplate\":\"https:\/\/sirdalfjellpark.no\/en\/?s={search_term_string}\"},\"query-input\":{\"@type\":\"PropertyValueSpecification\",\"valueRequired\":true,\"valueName\":\"search_term_string\"}}],\"inLanguage\":\"en-US\"},{\"@type\":\"Organization\",\"@id\":\"https:\/\/sirdalfjellpark.no\/en\/#organization\",\"name\":\"Sirdal Fjellpark\",\"url\":\"https:\/\/sirdalfjellpark.no\/en\/\",\"logo\":{\"@type\":\"ImageObject\",\"inLanguage\":\"en-US\",\"@id\":\"https:\/\/sirdalfjellpark.no\/en\/#\/schema\/logo\/image\/\",\"url\":\"https:\/\/sirdalfjellpark.no\/wp-content\/uploads\/2024\/01\/logo-1.svg\",\"contentUrl\":\"https:\/\/sirdalfjellpark.no\/wp-content\/uploads\/2024\/01\/logo-1.svg\",\"caption\":\"Sirdal Fjellpark\"},\"image\":{\"@id\":\"https:\/\/sirdalfjellpark.no\/en\/#\/schema\/logo\/image\/\"}}]}<\/script>\n<!-- \/ Yoast SEO plugin. -->","yoast_head_json":{"title":"Children's Area - Sirdal Fjellpark","robots":{"index":"index","follow":"follow","max-snippet":"max-snippet:-1","max-image-preview":"max-image-preview:large","max-video-preview":"max-video-preview:-1"},"canonical":"https:\/\/sirdalfjellpark.no\/en\/childrens-area\/","og_locale":"en_US","og_type":"article","og_title":"Children's Area - Sirdal Fjellpark","og_description":"For safety reasons, the use of sledges\/toboggans is not allowed in the ski resort slopes. This also applies to the children&#8217;s area in Hulderheimen and \u00c5lsheia. Sirdal Fjellpark has two children&#8217;s areas. Hulderheimen In Tj\u00f8rhomfjellet, close to H\u00f8yt &amp; Lavt Sirdal and Sirdal Lodge, you&#8217;ll find Hulderheimen. Here, there is free access to a rope [&hellip;]","og_url":"https:\/\/sirdalfjellpark.no\/en\/childrens-area\/","og_site_name":"Sirdal Fjellpark","article_modified_time":"2025-11-28T10:31:35+00:00","og_image":[{"url":"https:\/\/sirdalfjellpark.no\/wp-content\/uploads\/2024\/01\/I8A6327-scaled-e1705413986108.jpg","type":"","width":"","height":""}],"twitter_card":"summary_large_image","twitter_misc":{"Est. reading time":"2 minutes"},"schema":{"@context":"https:\/\/schema.org","@graph":[{"@type":"WebPage","@id":"https:\/\/sirdalfjellpark.no\/en\/childrens-area\/","url":"https:\/\/sirdalfjellpark.no\/en\/childrens-area\/","name":"Children's Area - Sirdal Fjellpark","isPartOf":{"@id":"https:\/\/sirdalfjellpark.no\/en\/#website"},"primaryImageOfPage":{"@id":"https:\/\/sirdalfjellpark.no\/en\/childrens-area\/#primaryimage"},"image":{"@id":"https:\/\/sirdalfjellpark.no\/en\/childrens-area\/#primaryimage"},"thumbnailUrl":"https:\/\/sirdalfjellpark.no\/wp-content\/uploads\/2024\/01\/I8A6327-scaled-e1705413986108.jpg","datePublished":"2023-09-27T07:21:00+00:00","dateModified":"2025-11-28T10:31:35+00:00","breadcrumb":{"@id":"https:\/\/sirdalfjellpark.no\/en\/childrens-area\/#breadcrumb"},"inLanguage":"en-US","potentialAction":[{"@type":"ReadAction","target":["https:\/\/sirdalfjellpark.no\/en\/childrens-area\/"]}]},{"@type":"ImageObject","inLanguage":"en-US","@id":"https:\/\/sirdalfjellpark.no\/en\/childrens-area\/#primaryimage","url":"https:\/\/sirdalfjellpark.no\/wp-content\/uploads\/2024\/01\/I8A6327-scaled-e1705413986108.jpg","contentUrl":"https:\/\/sirdalfjellpark.no\/wp-content\/uploads\/2024\/01\/I8A6327-scaled-e1705413986108.jpg"},{"@type":"BreadcrumbList","@id":"https:\/\/sirdalfjellpark.no\/en\/childrens-area\/#breadcrumb","itemListElement":[{"@type":"ListItem","position":1,"name":"Hjem","item":"https:\/\/sirdalfjellpark.no\/en\/"},{"@type":"ListItem","position":2,"name":"Children&#8217;s Area"}]},{"@type":"WebSite","@id":"https:\/\/sirdalfjellpark.no\/en\/#website","url":"https:\/\/sirdalfjellpark.no\/en\/","name":"Sirdal Fjellpark","description":"en hel\u00e5rsdestinasjon","publisher":{"@id":"https:\/\/sirdalfjellpark.no\/en\/#organization"},"potentialAction":[{"@type":"SearchAction","target":{"@type":"EntryPoint","urlTemplate":"https:\/\/sirdalfjellpark.no\/en\/?s={search_term_string}"},"query-input":{"@type":"PropertyValueSpecification","valueRequired":true,"valueName":"search_term_string"}}],"inLanguage":"en-US"},{"@type":"Organization","@id":"https:\/\/sirdalfjellpark.no\/en\/#organization","name":"Sirdal Fjellpark","url":"https:\/\/sirdalfjellpark.no\/en\/","logo":{"@type":"ImageObject","inLanguage":"en-US","@id":"https:\/\/sirdalfjellpark.no\/en\/#\/schema\/logo\/image\/","url":"https:\/\/sirdalfjellpark.no\/wp-content\/uploads\/2024\/01\/logo-1.svg","contentUrl":"https:\/\/sirdalfjellpark.no\/wp-content\/uploads\/2024\/01\/logo-1.svg","caption":"Sirdal Fjellpark"},"image":{"@id":"https:\/\/sirdalfjellpark.no\/en\/#\/schema\/logo\/image\/"}}]}},"_links":{"self":[{"href":"https:\/\/sirdalfjellpark.no\/en\/wp-json\/wp\/v2\/pages\/129","targetHints":{"allow":["GET"]}}],"collection":[{"href":"https:\/\/sirdalfjellpark.no\/en\/wp-json\/wp\/v2\/pages"}],"about":[{"href":"https:\/\/sirdalfjellpark.no\/en\/wp-json\/wp\/v2\/types\/page"}],"author":[{"embeddable":true,"href":"https:\/\/sirdalfjellpark.no\/en\/wp-json\/wp\/v2\/users\/2"}],"replies":[{"embeddable":true,"href":"https:\/\/sirdalfjellpark.no\/en\/wp-json\/wp\/v2\/comments?post=129"}],"version-history":[{"count":36,"href":"https:\/\/sirdalfjellpark.no\/en\/wp-json\/wp\/v2\/pages\/129\/revisions"}],"predecessor-version":[{"id":5064,"href":"https:\/\/sirdalfjellpark.no\/en\/wp-json\/wp\/v2\/pages\/129\/revisions\/5064"}],"wp:attachment":[{"href":"https:\/\/sirdalfjellpark.no\/en\/wp-json\/wp\/v2\/media?parent=129"}],"wp:term":[{"taxonomy":"category","embeddable":true,"href":"https:\/\/sirdalfjellpark.no\/en\/wp-json\/wp\/v2\/categories?post=129"},{"taxonomy":"post_tag","embeddable":true,"href":"https:\/\/sirdalfjellpark.no\/en\/wp-json\/wp\/v2\/tags?post=129"}],"curies":[{"name":"wp","href":"https:\/\/api.w.org\/{rel}","templated":true}]}}